{"id":159,"date":"2018-05-15T10:23:21","date_gmt":"2018-05-15T10:23:21","guid":{"rendered":"http:\/\/martiago.es\/?page_id=159"},"modified":"2023-07-11T11:06:05","modified_gmt":"2023-07-11T11:06:05","slug":"ayuntamiento","status":"publish","type":"page","link":"https:\/\/martiago.es\/?page_id=159","title":{"rendered":"Ayuntamiento"},"content":{"rendered":"<div class=\"post-header\">\n<h1>Corporaci\u00f3n Municipal<\/h1>\n<\/div>\n<div>\n<p>El Ayuntamiento de Martiago est\u00e1 formado por un total de\u00a0seis concejales<\/p>\n<p><strong>ALCALDE: <\/strong>DAVID PORRAS VICENTE\u00a0<strong><em>(PP)<\/em><\/strong><\/p>\n<p><strong><em>Concejales del Equipo de Gobierno (PP)<\/em><\/strong><\/p>\n<p>ROBERTO MARTIN HERNANDEZ\u00a0 (Teniente de Alcalde)<\/p>\n<p>DEMETRIO GONZALEZ CALVO<\/p>\n<p>HELIODORO BENITO MOR\u00c1N<\/p>\n<p>FRANCISCO COLLADO VICENTE<\/p>\n<p><strong><em>Concejales PSOE<\/em><\/strong><\/p>\n<p>PETRA SERRADILLA VICENTE<\/p>\n<p>ELADIA VALLEJO RODRIGUEZ<\/p>\n<p><em><b>Secretaria<\/b><\/em><\/p>\n<p>Vanesa Mart\u00edn S\u00e1nchez<br \/>\n(Lunes, Mi\u00e9rcoles y Viernes\u00a0\u00a0de 10:00 h. a 14:00 h.)<br \/>\n<b>Direcci\u00f3n:\u00a0<\/b>Plaza Constituci\u00f3n, s\/n<br \/>\n37510 Martiago<br \/>\n<b>Tel\u00e9fono:\u00a0<\/b>923 48 70 01<br \/>\nFax: 923 48 70 01<br \/>\n<b>Web:\u00a0<\/b>http:\/\/martiago.es<br \/>\n<b>E-mail:\u00a0<\/b><a href=\"mailto:aytmartiago@gmail.com\">aytomartiago@gmail.com<\/a><\/p>\n<\/div>\n","protected":false},"excerpt":{"rendered":"<p>Corporaci\u00f3n Municipal El Ayuntamiento de Martiago est\u00e1 formado por un total de\u00a0seis concejales ALCALDE: DAVID PORRAS VICENTE\u00a0(PP) Concejales del Equipo de Gobierno (PP) ROBERTO MARTIN HERNANDEZ\u00a0 (Teniente de Alcalde) DEMETRIO GONZALEZ CALVO HELIODORO BENITO MOR\u00c1N FRANCISCO COLLADO VICENTE Concejales PSOE PETRA SERRADILLA VICENTE ELADIA VALLEJO RODRIGUEZ Secretaria Vanesa Mart\u00edn S\u00e1nchez (Lunes, Mi\u00e9rcoles y Viernes\u00a0\u00a0de 10:00 [&hellip;]<\/p>\n","protected":false},"author":1,"featured_media":0,"parent":0,"menu_order":0,"comment_status":"closed","ping_status":"closed","template":"","meta":{"footnotes":""},"class_list":["post-159","page","type-page","status-publish","hentry"],"_links":{"self":[{"href":"https:\/\/martiago.es\/index.php?rest_route=\/wp\/v2\/pages\/159","targetHints":{"allow":["GET"]}}],"collection":[{"href":"https:\/\/martiago.es\/index.php?rest_route=\/wp\/v2\/pages"}],"about":[{"href":"https:\/\/martiago.es\/index.php?rest_route=\/wp\/v2\/types\/page"}],"author":[{"embeddable":true,"href":"https:\/\/martiago.es\/index.php?rest_route=\/wp\/v2\/users\/1"}],"replies":[{"embeddable":true,"href":"https:\/\/martiago.es\/index.php?rest_route=%2Fwp%2Fv2%2Fcomments&post=159"}],"version-history":[{"count":6,"href":"https:\/\/martiago.es\/index.php?rest_route=\/wp\/v2\/pages\/159\/revisions"}],"predecessor-version":[{"id":562,"href":"https:\/\/martiago.es\/index.php?rest_route=\/wp\/v2\/pages\/159\/revisions\/562"}],"wp:attachment":[{"href":"https:\/\/martiago.es\/index.php?rest_route=%2Fwp%2Fv2%2Fmedia&parent=159"}],"curies":[{"name":"wp","href":"https:\/\/api.w.org\/{rel}","templated":true}]}}